{"id":109,"date":"2024-03-14T17:07:15","date_gmt":"2024-03-14T17:07:15","guid":{"rendered":"https:\/\/unstable.saobernardo.pt\/?page_id=109"},"modified":"2026-03-24T09:20:54","modified_gmt":"2026-03-24T09:20:54","slug":"takeaway","status":"publish","type":"page","link":"https:\/\/saobernardo.pt\/home-page\/takeaway\/","title":{"rendered":"Takeaway"},"content":{"rendered":"<section class=\"bde-section-109-100 bde-section\">\n  \n\t\n\n\n\n<div class=\"section-container\"><\/div>\n<\/section><section class=\"bde-section-109-2771 bde-section\">\n  \n\t\n\n\n\n<div class=\"section-container\"><h1 class=\"bde-heading-109-2772 bde-heading\">\nConhe\u00e7a as nossas op\u00e7\u00f5es\n<\/h1><div class=\"bde-columns-109-2773 bde-columns\"><div class=\"bde-column-109-2774 bde-column\">\n  \n\t\n\n\n\n<div class=\"bde-fancy-divider-109-2775 bde-fancy-divider\">\n\n\n<div class=\"bde-fancy-divider__wrapper\">\n  <div class=\"bde-fancy-divider__separator   \">\n  \t  <\/div>\n<\/div>\n\n<\/div>\n<\/div><div class=\"bde-column-109-2776 bde-column\">\n  \n\t\n\n\n\n<div class=\"bde-fancy-divider-109-2777 bde-fancy-divider\">\n\n\n<div class=\"bde-fancy-divider__wrapper\">\n  <div class=\"bde-fancy-divider__separator has-content  \">\n  \t    \t    \t    \t\t\t    \t\t<div class=\"bde-fancy-divider__content bde-fancy-divider__content--icon\"><svg xmlns=\"http:\/\/www.w3.org\/2000\/svg\" viewBox=\"0 0 512 512\"><!-- Font Awesome Free 5.15.1 by @fontawesome - https:\/\/fontawesome.com License - https:\/\/fontawesome.com\/license\/free (Icons: CC BY 4.0, Fonts: SIL OFL 1.1, Code: MIT License) --><path d=\"M256 8C119 8 8 119 8 256s111 248 248 248 248-111 248-248S393 8 256 8z\"\/><\/svg><\/div>\n    \t                  <\/div>\n<\/div>\n\n<\/div>\n<\/div><div class=\"bde-column-109-2778 bde-column\">\n  \n\t\n\n\n\n<div class=\"bde-fancy-divider-109-2779 bde-fancy-divider\">\n\n\n<div class=\"bde-fancy-divider__wrapper\">\n  <div class=\"bde-fancy-divider__separator   \">\n  \t  <\/div>\n<\/div>\n\n<\/div>\n<\/div><\/div><div class=\"bde-div-109-2780 bde-div\">\n  \n\t\n\n\n\n<div class=\"bde-menu-109-2781 bde-menu\">\n\n\n      \n        \n    <nav class=\"breakdance-menu breakdance-menu--collapse    \">\n    <button class=\"breakdance-menu-toggle breakdance-menu-toggle--squeeze\" type=\"button\" aria-label=\"Open Menu\" aria-expanded=\"false\" aria-controls=\"menu-2781\">\n                  <span class=\"breakdance-menu-toggle-icon\">\n            <span class=\"breakdance-menu-toggle-lines\"><\/span>\n          <\/span>\n            <\/button>\n    \n  <ul class=\"breakdance-menu-list\" id=\"menu-2781\">\n      \n  \n    <li class=\"breakdance-menu-item-109-2782 breakdance-menu-item\">\n        \n            \n            \n\n    \n    \n    \n    \n    <a class=\"breakdance-link breakdance-menu-link\" href=\"\/takeaway\/refeicoes-embaladas\/#-\" target=\"_self\" data-type=\"url\"  >\n  Refei\u00e7\u00f5es Embaladas\n    <\/a>\n\n<\/li><li class=\"breakdance-menu-item-109-2793 breakdance-menu-item\">\n        \n            \n            \n\n    \n    \n    \n    \n    <a class=\"breakdance-link breakdance-menu-link\" href=\"\/takeaway\/pratos-tradicionais\/#-\" target=\"_self\" data-type=\"url\"  >\n  Pratos Tradicionais\n    <\/a>\n\n<\/li><li class=\"breakdance-menu-item-109-2783 breakdance-menu-item\">\n        \n            \n            \n\n    \n    \n    \n    \n    <a class=\"breakdance-link breakdance-menu-link\" href=\"\/takeaway\/crepes-empadas-pasteis\/#-\" target=\"_self\" data-type=\"url\"  >\n  Crepes\/Empadas\/Past\u00e9is\n    <\/a>\n\n<\/li><li class=\"breakdance-menu-item-109-2784 breakdance-menu-item\">\n        \n            \n            \n\n    \n    \n    \n    \n    <a class=\"breakdance-link breakdance-menu-link\" href=\"\/takeaway\/encomendas-10p\/#-\" target=\"_self\" data-type=\"url\"  >\n  Encomendas (10p)\n    <\/a>\n\n<\/li><li class=\"breakdance-menu-item-109-2785 breakdance-menu-item\">\n        \n            \n            \n\n    \n    \n    \n    \n    <a class=\"breakdance-link breakdance-menu-link\" href=\"\/takeaway\/cocktails-e-lanches\/#-\" target=\"_self\" data-type=\"url\"  >\n  Cocktails e Lanches\n    <\/a>\n\n<\/li><li class=\"breakdance-menu-item-109-2786 breakdance-menu-item\">\n        \n            \n            \n\n    \n    \n    \n    \n    <a class=\"breakdance-link breakdance-menu-link\" href=\"\/takeaway\/doces-e-bolos\/#-\" target=\"_self\" data-type=\"url\"  >\n  Doces e Bolos\n    <\/a>\n\n<\/li>\n  <\/ul>\n  <\/nav>\n\n\n<\/div><div class=\"bde-menu-109-2787 bde-menu\">\n\n\n      \n        \n    <nav class=\"breakdance-menu breakdance-menu--collapse breakdance-menu--vertical   \">\n    <button class=\"breakdance-menu-toggle breakdance-menu-toggle--squeeze\" type=\"button\" aria-label=\"Open Menu\" aria-expanded=\"false\" aria-controls=\"menu-2787\">\n                  <span class=\"breakdance-menu-toggle-icon\">\n            <span class=\"breakdance-menu-toggle-lines\"><\/span>\n          <\/span>\n            <\/button>\n    \n  <ul class=\"breakdance-menu-list\" id=\"menu-2787\">\n      \n  \n    <li class=\"breakdance-menu-item-109-2794 breakdance-menu-item\">\n        \n            \n            \n\n    \n    \n    \n    \n    <a class=\"breakdance-link breakdance-menu-link\" href=\"#\" target=\"_self\" data-type=\"url\"  >\n  Refei\u00e7\u00f5es Embaladas\n    <\/a>\n\n<\/li><li class=\"breakdance-menu-item-109-2788 breakdance-menu-item\">\n        \n            \n            \n\n    \n    \n    \n    \n    <a class=\"breakdance-link breakdance-menu-link\" href=\"#\" target=\"_self\" data-type=\"url\"  >\n  Pratos Tradicionais\n    <\/a>\n\n<\/li><li class=\"breakdance-menu-item-109-2789 breakdance-menu-item\">\n        \n            \n            \n\n    \n    \n    \n    \n    <a class=\"breakdance-link breakdance-menu-link\" href=\"#\" target=\"_self\" data-type=\"url\"  >\n  Crepes\/Empadas\/Past\u00e9is\n    <\/a>\n\n<\/li><li class=\"breakdance-menu-item-109-2790 breakdance-menu-item\">\n        \n            \n            \n\n    \n    \n    \n    \n    <a class=\"breakdance-link breakdance-menu-link\" href=\"#\" target=\"_self\" data-type=\"url\"  >\n  Encomendas (10p)\n    <\/a>\n\n<\/li><li class=\"breakdance-menu-item-109-2791 breakdance-menu-item\">\n        \n            \n            \n\n    \n    \n    \n    \n    <a class=\"breakdance-link breakdance-menu-link\" href=\"#\" target=\"_self\" data-type=\"url\"  >\n  Coctails e Lanches\n    <\/a>\n\n<\/li><li class=\"breakdance-menu-item-109-2792 breakdance-menu-item\">\n        \n            \n            \n\n    \n    \n    \n    \n    <a class=\"breakdance-link breakdance-menu-link\" href=\"#\" target=\"_self\" data-type=\"url\"  >\n  Doces e Bolos\n    <\/a>\n\n<\/li>\n  <\/ul>\n  <\/nav>\n\n\n<\/div>\n<\/div><\/div>\n<\/section><section class=\"bde-section-109-111 bde-section\">\n  \n\t\n\n\n\n<div class=\"section-container\"><div class=\"bde-columns-109-112 bde-columns\"><div class=\"bde-column-109-113 bde-column\">\n  \n\t\n\n\n\n<div class=\"bde-post-loop-109-2796 bde-post-loop\">\n<div class=\"ee-posts ee-posts-\">    <article class=\"ee-post\">\n        <div class=\"bde-image-287-100-343 bde-image bde-image-287-100\">\n\n  \n\n\n\n\n\n<figure class=\"breakdance-image breakdance-image--35\">\n\t<div class=\"breakdance-image-container\">\n\t\t<div class=\"breakdance-image-clip\">\n\t\t\t\n\t\t\t\t\n\t\t\t\t\t      \n  \n  \n  \n  \n      \n      <img loading=\"lazy\" decoding=\"async\"\n      class=\"breakdance-image-object\"\n      src=\"https:\/\/saobernardo.pt\/wp-content\/uploads\/2024\/03\/banner-restaurante.jpg\"\n      width=\"2560\"\n      height=\"1708\"\n      \n      \n          >\n  \n\n\t\t\t\t\t\n\t\t\t\t\t\t<\/div>\n\t<\/div>\n\n\t<\/figure>\n\n\n<\/div>    <\/article>\n    <article class=\"ee-post\">\n        <div class=\"bde-image-287-100-333 bde-image bde-image-287-100\">\n\n  \n\n\n\n\n\n<figure class=\"breakdance-image breakdance-image--33\">\n\t<div class=\"breakdance-image-container\">\n\t\t<div class=\"breakdance-image-clip\">\n\t\t\t\n\t\t\t\t\n\t\t\t\t\t      \n  \n  \n  \n  \n      \n      <img loading=\"lazy\" decoding=\"async\"\n      class=\"breakdance-image-object\"\n      src=\"https:\/\/saobernardo.pt\/wp-content\/uploads\/2024\/03\/banner-delivery.jpg\"\n      width=\"2398\"\n      height=\"1600\"\n      \n      \n          >\n  \n\n\t\t\t\t\t\n\t\t\t\t\t\t<\/div>\n\t<\/div>\n\n\t<\/figure>\n\n\n<\/div>    <\/article>\n    <article class=\"ee-post\">\n        <div class=\"bde-image-287-100-330 bde-image bde-image-287-100\">\n\n  \n\n\n\n\n\n<figure class=\"breakdance-image breakdance-image--34\">\n\t<div class=\"breakdance-image-container\">\n\t\t<div class=\"breakdance-image-clip\">\n\t\t\t\n\t\t\t\t\n\t\t\t\t\t      \n  \n  \n  \n  \n      \n      <img loading=\"lazy\" decoding=\"async\"\n      class=\"breakdance-image-object\"\n      src=\"https:\/\/saobernardo.pt\/wp-content\/uploads\/2024\/03\/banner-homepage.jpg\"\n      width=\"2560\"\n      height=\"1708\"\n      \n      \n          >\n  \n\n\t\t\t\t\t\n\t\t\t\t\t\t<\/div>\n\t<\/div>\n\n\t<\/figure>\n\n\n<\/div>    <\/article>\n    <article class=\"ee-post\">\n        <div class=\"bde-image-287-100-327 bde-image bde-image-287-100\">\n\n  \n\n\n\n\n\n<figure class=\"breakdance-image breakdance-image--\">\n\t<div class=\"breakdance-image-container\">\n\t\t<div class=\"breakdance-image-clip\">\n\t\t\t\n\t\t\t\t\n\t\t\t\t\t      \n  \n  \n  \n  \n      \n      <img loading=\"lazy\" decoding=\"async\"\n      class=\"breakdance-image-object\"\n      src=\"data:image\/svg+xml;charset=UTF-8,%3csvg xmlns='http:\/\/www.w3.org\/2000\/svg' width='540' height='540' viewBox='0 0 140 140'%3e%3cpath d='M0 0h140v140H0z' fill='%23e5e7eb'\/%3e%3cpath d='M88 82.46H51.8v-4.52l6.74-6.74a1.13 1.13 0 011.6 0l5.23 5.23 12.76-12.77a1.13 1.13 0 011.6 0L88 71.91z' fill='%23e5e7eb'\/%3e%3cpath d='M89.48 52.32H50.29a4.52 4.52 0 00-4.52 4.52V84a4.53 4.53 0 004.52 4.52h39.19A4.52 4.52 0 0094 84V56.84a4.52 4.52 0 00-4.52-4.52zm-33.16 5.27a5.28 5.28 0 11-5.27 5.28 5.27 5.27 0 015.27-5.28zM88 82.46H51.8v-4.52l6.74-6.74a1.13 1.13 0 011.6 0l5.23 5.23 12.76-12.77a1.13 1.13 0 011.6 0L88 71.91z' fill='%23d1d5db'\/%3e%3c\/svg%3e\"\n      width=\"540\"\n      height=\"540\"\n      \n      \n          >\n  \n\n\t\t\t\t\t\n\t\t\t\t\t\t<\/div>\n\t<\/div>\n\n\t<\/figure>\n\n\n<\/div>    <\/article>\n    <article class=\"ee-post\">\n        <div class=\"bde-image-287-100-325 bde-image bde-image-287-100\">\n\n  \n\n\n\n\n\n<figure class=\"breakdance-image breakdance-image--63\">\n\t<div class=\"breakdance-image-container\">\n\t\t<div class=\"breakdance-image-clip\">\n\t\t\t\n\t\t\t\t\n\t\t\t\t\t      \n  \n  \n  \n  \n      \n      <img loading=\"lazy\" decoding=\"async\"\n      class=\"breakdance-image-object\"\n      src=\"https:\/\/saobernardo.pt\/wp-content\/uploads\/2024\/03\/almocos-profissionais.jpg\"\n      width=\"1250\"\n      height=\"828\"\n      \n      \n          >\n  \n\n\t\t\t\t\t\n\t\t\t\t\t\t<\/div>\n\t<\/div>\n\n\t<\/figure>\n\n\n<\/div>    <\/article>\n    <article class=\"ee-post\">\n        <div class=\"bde-image-287-100-316 bde-image bde-image-287-100\">\n\n  \n\n\n\n\n\n<figure class=\"breakdance-image breakdance-image--35\">\n\t<div class=\"breakdance-image-container\">\n\t\t<div class=\"breakdance-image-clip\">\n\t\t\t\n\t\t\t\t\n\t\t\t\t\t      \n  \n  \n  \n  \n      \n      <img loading=\"lazy\" decoding=\"async\"\n      class=\"breakdance-image-object\"\n      src=\"https:\/\/saobernardo.pt\/wp-content\/uploads\/2024\/03\/banner-restaurante.jpg\"\n      width=\"2560\"\n      height=\"1708\"\n      \n      \n          >\n  \n\n\t\t\t\t\t\n\t\t\t\t\t\t<\/div>\n\t<\/div>\n\n\t<\/figure>\n\n\n<\/div>    <\/article>\n    <article class=\"ee-post\">\n        <div class=\"bde-image-287-100-270 bde-image bde-image-287-100\">\n\n  \n\n\n\n\n\n<figure class=\"breakdance-image breakdance-image--394\">\n\t<div class=\"breakdance-image-container\">\n\t\t<div class=\"breakdance-image-clip\">\n\t\t\t\n\t\t\t\t\n\t\t\t\t\t      \n  \n  \n  \n  \n      \n      <img loading=\"lazy\" decoding=\"async\"\n      class=\"breakdance-image-object\"\n      src=\"https:\/\/saobernardo.pt\/wp-content\/uploads\/2024\/06\/DSC_4991.jpg\"\n      width=\"907\"\n      height=\"605\"\n      \n      \n          >\n  \n\n\t\t\t\t\t\n\t\t\t\t\t\t<\/div>\n\t<\/div>\n\n\t<\/figure>\n\n\n<\/div>    <\/article>\n    <article class=\"ee-post\">\n        <div class=\"bde-image-287-100-268 bde-image bde-image-287-100\">\n\n  \n\n\n\n\n\n<figure class=\"breakdance-image breakdance-image--39\">\n\t<div class=\"breakdance-image-container\">\n\t\t<div class=\"breakdance-image-clip\">\n\t\t\t\n\t\t\t\t\n\t\t\t\t\t      \n  \n  \n  \n  \n      \n      <img loading=\"lazy\" decoding=\"async\"\n      class=\"breakdance-image-object\"\n      src=\"https:\/\/saobernardo.pt\/wp-content\/uploads\/2024\/03\/homepage-comida.jpg\"\n      width=\"845\"\n      height=\"553\"\n      \n      \n          >\n  \n\n\t\t\t\t\t\n\t\t\t\t\t\t<\/div>\n\t<\/div>\n\n\t<\/figure>\n\n\n<\/div>    <\/article>\n<\/div>\n\n<\/div>\n<\/div><div class=\"bde-column-109-115 bde-column\">\n  \n\t\n\n\n\n<div class=\"bde-columns-109-116 bde-columns\"><div class=\"bde-column-109-117 bde-column\">\n  \n\t\n\n\n\n<div class=\"bde-post-loop-109-2795 bde-post-loop\">\n<div class=\"ee-posts ee-posts-\">    <article class=\"ee-post\">\n        <div class=\"bde-rich-text-273-100-343 bde-rich-text bde-rich-text-273-100 breakdance-rich-text-styles\">\n\n<h1 class=\"wp-block-heading\">Contactos<\/h1>\n\n\n\n<p><strong>Morada<\/strong>: Rua da Junqueira, 120 1300-344 Lisboa<br><strong>Telefone<\/strong>: 21 360 05 70<br><strong>Telem\u00f3vel<\/strong>: 96 570 65 50<br><strong>E-Mail<\/strong>: info@saobernardo.pt<\/p>\n\n\n\n<div style=\"height:1rem\" aria-hidden=\"true\" class=\"wp-block-spacer\"><\/div>\n\n\n\n<p><strong>Hor\u00e1rio da Loja<\/strong><br>2\u00aa a 6\u00aa Feira das 09:30h \u2013 19:00h<\/p>\n\n\n\n<p>S\u00e1bado das 10:00h \u2013 14:00h                                                                                                                     <\/p>\n\n\n\n<p>Feriados das 10:00h \u2013 14:00h<\/p>\n\n\n\n<p><\/p>\n\n\n\n<p><\/p>\n\n\n\n<p><strong>Hor\u00e1rio da Restaurante<\/strong><br>2\u00aa a 6\u00aa feiras das 12:30h \u2013 15:00<\/p>\n\n\n\n<p><\/p>\n\n\n\n<p><\/p>\n\n<\/div>    <\/article>\n    <article class=\"ee-post\">\n        <div class=\"bde-rich-text-273-100-333 bde-rich-text bde-rich-text-273-100 breakdance-rich-text-styles\">\n\n<h2 class=\"wp-block-heading\">Delivery<\/h2>\n\n\n\n<p>Fazemos entregas ao domic\u00edlio na \u00e1rea da Grande Lisboa.<br>Contacte-nos!<\/p>\n\n<\/div>    <\/article>\n    <article class=\"ee-post\">\n        <div class=\"bde-rich-text-273-100-330 bde-rich-text bde-rich-text-273-100 breakdance-rich-text-styles\">\n\n<\/div>    <\/article>\n    <article class=\"ee-post\">\n        <div class=\"bde-rich-text-273-100-327 bde-rich-text bde-rich-text-273-100 breakdance-rich-text-styles\">\n\n<h1 class=\"wp-block-heading\">Eventos por Medida<\/h1>\n\n\n\n<p>Confeccionamos os melhores produtos e fornecemos todos os recursos, humanos e materiais necess\u00e1rios para que possa fazer em sua casa o evento desejado (festas de anivers\u00e1rio, baptizados, bodas), bem como eventos no seu local de trabalho<\/p>\n\n<\/div>    <\/article>\n    <article class=\"ee-post\">\n        <div class=\"bde-rich-text-273-100-325 bde-rich-text bde-rich-text-273-100 breakdance-rich-text-styles\">\n\n<h2 class=\"wp-block-heading\">Almo\u00e7os profissionais<\/h2>\n\n\n\n<p>Reserve o nosso restaurante com 58 lugares sentados para desfrutar simultaneamente de uma agrad\u00e1vel refei\u00e7\u00e3o e de um simp\u00e1tico espa\u00e7o de trabalho, para reuni\u00f5es ou apresenta\u00e7\u00f5es.<\/p>\n\n<\/div>    <\/article>\n    <article class=\"ee-post\">\n        <div class=\"bde-rich-text-273-100-316 bde-rich-text bde-rich-text-273-100 breakdance-rich-text-styles\">\n\n<\/div>    <\/article>\n    <article class=\"ee-post\">\n        <div class=\"bde-rich-text-273-100-270 bde-rich-text bde-rich-text-273-100 breakdance-rich-text-styles\">\n\n<p>Um espa\u00e7o acolhedor, com vista para o Tejo e comida caseira de qualidade e requinte.<\/p>\n\n<\/div>    <\/article>\n    <article class=\"ee-post\">\n        <div class=\"bde-rich-text-273-100-268 bde-rich-text bde-rich-text-273-100 breakdance-rich-text-styles\">\n\n<h2 class=\"wp-block-heading\">Receitas <strong>Caseiras &amp; Tradicionais<\/strong><\/h2>\n\n\n\n<p>Desde 1995 que temos como objectivo confeccionar e comercializar todo o tipo de refei\u00e7\u00f5es que os nossos clientes necessitam para levar para casa.<\/p>\n\n\n\n<p>Utilizamos produtos frescos, com a melhor qualidade e praticamos pre\u00e7os acess\u00edveis. Os nossos produtos s\u00e3o sempre embalados para facilitar o transporte e as nossas receitas s\u00e3o caseiras.<\/p>\n\n<\/div>    <\/article>\n<\/div>\n\n<\/div>\n<\/div><\/div>\n<\/div><\/div><\/div>\n<\/section><section class=\"bde-section-109-101 bde-section\">\n  \n\t\n\n\n\n<div class=\"section-container\"><h1 class=\"bde-heading-109-102 bde-heading\">\nPratos por Encomenda\n<\/h1><div class=\"bde-columns-109-103 bde-columns\"><div class=\"bde-column-109-104 bde-column\">\n  \n\t\n\n\n\n<div class=\"bde-fancy-divider-109-105 bde-fancy-divider\">\n\n\n<div class=\"bde-fancy-divider__wrapper\">\n  <div class=\"bde-fancy-divider__separator   \">\n  \t  <\/div>\n<\/div>\n\n<\/div>\n<\/div><div class=\"bde-column-109-106 bde-column\">\n  \n\t\n\n\n\n<div class=\"bde-fancy-divider-109-107 bde-fancy-divider\">\n\n\n<div class=\"bde-fancy-divider__wrapper\">\n  <div class=\"bde-fancy-divider__separator has-content  \">\n  \t    \t    \t    \t\t\t    \t\t<div class=\"bde-fancy-divider__content bde-fancy-divider__content--icon\"><svg xmlns=\"http:\/\/www.w3.org\/2000\/svg\" viewBox=\"0 0 512 512\"><!-- Font Awesome Free 5.15.1 by @fontawesome - https:\/\/fontawesome.com License - https:\/\/fontawesome.com\/license\/free (Icons: CC BY 4.0, Fonts: SIL OFL 1.1, Code: MIT License) --><path d=\"M256 8C119 8 8 119 8 256s111 248 248 248 248-111 248-248S393 8 256 8z\"\/><\/svg><\/div>\n    \t                  <\/div>\n<\/div>\n\n<\/div>\n<\/div><div class=\"bde-column-109-108 bde-column\">\n  \n\t\n\n\n\n<div class=\"bde-fancy-divider-109-109 bde-fancy-divider\">\n\n\n<div class=\"bde-fancy-divider__wrapper\">\n  <div class=\"bde-fancy-divider__separator   \">\n  \t  <\/div>\n<\/div>\n\n<\/div>\n<\/div><\/div><div class=\"bde-div-109-2797 bde-div\">\n  \n\t\n\n\n\n<div class=\"bde-button-109-110 bde-button\">\n    \n                                    \n    \n    \n    \n    \n            \n                    \n            \n            \n\n    \n    \n    \n    \n    <a class=\"breakdance-link button-atom button-atom--primary bde-button__button\" href=\"https:\/\/saobernardo.pt\/wp-content\/uploads\/2025\/07\/lista-take-away-9-7-2025.pdf\" target=\"_self\" data-type=\"url\"  >\n\n    \n        <span class=\"button-atom__text\">DOWNLOAD CARTA PT<\/span>\n\n        \n        \n                <\/a>\n\n    \n\n\n<\/div><div class=\"bde-button-109-2798 bde-button\">\n    \n                                    \n    \n    \n    \n    \n            \n            <button type=\"button\" class=\"button-atom button-atom--primary bde-button__button\"  >\n    \n        <span class=\"button-atom__text\">DOWNLOAD MENU ENG<\/span>\n\n        \n        \n            <\/button>\n    \n\n\n<\/div>\n<\/div><\/div>\n<\/section>","protected":false},"excerpt":{"rendered":"<p>Conhe\u00e7a as nossas op\u00e7\u00f5es Refei\u00e7\u00f5es Embaladas Pratos Tradicionais Crepes\/Empadas\/Past\u00e9is Encomendas (10p) Cocktails e Lanches Doces e Bolos Refei\u00e7\u00f5es Embaladas Pratos Tradicionais Crepes\/Empadas\/Past\u00e9is Encomendas (10p) Coctails e Lanches Doces e Bolos Contactos Morada: Rua da Junqueira, 120 1300-344 LisboaTelefone: 21 360 05 70Telem\u00f3vel: 96 570 65 50E-Mail: info@saobernardo.pt Hor\u00e1rio da Loja2\u00aa a 6\u00aa Feira das 09:30h [&hellip;]<\/p>\n","protected":false},"author":1,"featured_media":0,"parent":0,"menu_order":0,"comment_status":"closed","ping_status":"closed","template":"","meta":{"_breakdance_hide_in_design_set":false,"_breakdance_tags":"","footnotes":""},"class_list":["post-109","page","type-page","status-publish","hentry"],"_links":{"self":[{"href":"https:\/\/saobernardo.pt\/home-page\/wp-json\/wp\/v2\/pages\/109","targetHints":{"allow":["GET"]}}],"collection":[{"href":"https:\/\/saobernardo.pt\/home-page\/wp-json\/wp\/v2\/pages"}],"about":[{"href":"https:\/\/saobernardo.pt\/home-page\/wp-json\/wp\/v2\/types\/page"}],"author":[{"embeddable":true,"href":"https:\/\/saobernardo.pt\/home-page\/wp-json\/wp\/v2\/users\/1"}],"replies":[{"embeddable":true,"href":"https:\/\/saobernardo.pt\/home-page\/wp-json\/wp\/v2\/comments?post=109"}],"version-history":[{"count":27,"href":"https:\/\/saobernardo.pt\/home-page\/wp-json\/wp\/v2\/pages\/109\/revisions"}],"predecessor-version":[{"id":6332,"href":"https:\/\/saobernardo.pt\/home-page\/wp-json\/wp\/v2\/pages\/109\/revisions\/6332"}],"wp:attachment":[{"href":"https:\/\/saobernardo.pt\/home-page\/wp-json\/wp\/v2\/media?parent=109"}],"curies":[{"name":"wp","href":"https:\/\/api.w.org\/{rel}","templated":true}]}}