{"id":66,"date":"2024-03-13T16:07:48","date_gmt":"2024-03-13T16:07:48","guid":{"rendered":"https:\/\/unstable.saobernardo.pt\/?page_id=66"},"modified":"2026-03-30T14:02:20","modified_gmt":"2026-03-30T14:02:20","slug":"delivery","status":"publish","type":"page","link":"https:\/\/saobernardo.pt\/home-page\/delivery\/","title":{"rendered":"Delivery"},"content":{"rendered":"<section class=\"bde-section-66-224 bde-section\">\n  \n\t\n\n\n\n<div class=\"section-container\"><div class=\"bde-post-loop-66-225 bde-post-loop\">\n<div class=\"ee-posts ee-posts-\">    <article class=\"ee-post\">\n        <div class=\"bde-image-277-100-343 bde-image bde-image-277-100\">\n\n  \n\n\n\n\n\n<figure class=\"breakdance-image breakdance-image--35\">\n\t<div class=\"breakdance-image-container\">\n\t\t<div class=\"breakdance-image-clip\">\n\t\t\t\n\t\t\t\t\n\t\t\t\t\t      \n  \n  \n  \n  \n      \n      <img loading=\"lazy\" decoding=\"async\"\n      class=\"breakdance-image-object\"\n      src=\"https:\/\/saobernardo.pt\/wp-content\/uploads\/2024\/03\/banner-restaurante.jpg\"\n      width=\"2560\"\n      height=\"1708\"\n      \n      \n          >\n  \n\n\t\t\t\t\t\n\t\t\t\t\t\t<\/div>\n\t<\/div>\n\n\t<\/figure>\n\n\n<\/div>    <\/article>\n    <article class=\"ee-post\">\n        <div class=\"bde-image-277-100-333 bde-image bde-image-277-100\">\n\n  \n\n\n\n\n\n<figure class=\"breakdance-image breakdance-image--33\">\n\t<div class=\"breakdance-image-container\">\n\t\t<div class=\"breakdance-image-clip\">\n\t\t\t\n\t\t\t\t\n\t\t\t\t\t      \n  \n  \n  \n  \n      \n      <img loading=\"lazy\" decoding=\"async\"\n      class=\"breakdance-image-object\"\n      src=\"https:\/\/saobernardo.pt\/wp-content\/uploads\/2024\/03\/banner-delivery.jpg\"\n      width=\"2398\"\n      height=\"1600\"\n      \n      \n          >\n  \n\n\t\t\t\t\t\n\t\t\t\t\t\t<\/div>\n\t<\/div>\n\n\t<\/figure>\n\n\n<\/div>    <\/article>\n    <article class=\"ee-post\">\n        <div class=\"bde-image-277-100-330 bde-image bde-image-277-100\">\n\n  \n\n\n\n\n\n<figure class=\"breakdance-image breakdance-image--34\">\n\t<div class=\"breakdance-image-container\">\n\t\t<div class=\"breakdance-image-clip\">\n\t\t\t\n\t\t\t\t\n\t\t\t\t\t      \n  \n  \n  \n  \n      \n      <img loading=\"lazy\" decoding=\"async\"\n      class=\"breakdance-image-object\"\n      src=\"https:\/\/saobernardo.pt\/wp-content\/uploads\/2024\/03\/banner-homepage.jpg\"\n      width=\"2560\"\n      height=\"1708\"\n      \n      \n          >\n  \n\n\t\t\t\t\t\n\t\t\t\t\t\t<\/div>\n\t<\/div>\n\n\t<\/figure>\n\n\n<\/div>    <\/article>\n    <article class=\"ee-post\">\n        <div class=\"bde-image-277-100-327 bde-image bde-image-277-100\">\n\n  \n\n\n\n\n\n<figure class=\"breakdance-image breakdance-image--\">\n\t<div class=\"breakdance-image-container\">\n\t\t<div class=\"breakdance-image-clip\">\n\t\t\t\n\t\t\t\t\n\t\t\t\t\t      \n  \n  \n  \n  \n      \n      <img loading=\"lazy\" decoding=\"async\"\n      class=\"breakdance-image-object\"\n      src=\"data:image\/svg+xml;charset=UTF-8,%3csvg xmlns='http:\/\/www.w3.org\/2000\/svg' width='540' height='540' viewBox='0 0 140 140'%3e%3cpath d='M0 0h140v140H0z' fill='%23e5e7eb'\/%3e%3cpath d='M88 82.46H51.8v-4.52l6.74-6.74a1.13 1.13 0 011.6 0l5.23 5.23 12.76-12.77a1.13 1.13 0 011.6 0L88 71.91z' fill='%23e5e7eb'\/%3e%3cpath d='M89.48 52.32H50.29a4.52 4.52 0 00-4.52 4.52V84a4.53 4.53 0 004.52 4.52h39.19A4.52 4.52 0 0094 84V56.84a4.52 4.52 0 00-4.52-4.52zm-33.16 5.27a5.28 5.28 0 11-5.27 5.28 5.27 5.27 0 015.27-5.28zM88 82.46H51.8v-4.52l6.74-6.74a1.13 1.13 0 011.6 0l5.23 5.23 12.76-12.77a1.13 1.13 0 011.6 0L88 71.91z' fill='%23d1d5db'\/%3e%3c\/svg%3e\"\n      width=\"540\"\n      height=\"540\"\n      \n      \n          >\n  \n\n\t\t\t\t\t\n\t\t\t\t\t\t<\/div>\n\t<\/div>\n\n\t<\/figure>\n\n\n<\/div>    <\/article>\n    <article class=\"ee-post\">\n        <div class=\"bde-image-277-100-325 bde-image bde-image-277-100\">\n\n  \n\n\n\n\n\n<figure class=\"breakdance-image breakdance-image--63\">\n\t<div class=\"breakdance-image-container\">\n\t\t<div class=\"breakdance-image-clip\">\n\t\t\t\n\t\t\t\t\n\t\t\t\t\t      \n  \n  \n  \n  \n      \n      <img loading=\"lazy\" decoding=\"async\"\n      class=\"breakdance-image-object\"\n      src=\"https:\/\/saobernardo.pt\/wp-content\/uploads\/2024\/03\/almocos-profissionais.jpg\"\n      width=\"1250\"\n      height=\"828\"\n      \n      \n          >\n  \n\n\t\t\t\t\t\n\t\t\t\t\t\t<\/div>\n\t<\/div>\n\n\t<\/figure>\n\n\n<\/div>    <\/article>\n    <article class=\"ee-post\">\n        <div class=\"bde-image-277-100-316 bde-image bde-image-277-100\">\n\n  \n\n\n\n\n\n<figure class=\"breakdance-image breakdance-image--35\">\n\t<div class=\"breakdance-image-container\">\n\t\t<div class=\"breakdance-image-clip\">\n\t\t\t\n\t\t\t\t\n\t\t\t\t\t      \n  \n  \n  \n  \n      \n      <img loading=\"lazy\" decoding=\"async\"\n      class=\"breakdance-image-object\"\n      src=\"https:\/\/saobernardo.pt\/wp-content\/uploads\/2024\/03\/banner-restaurante.jpg\"\n      width=\"2560\"\n      height=\"1708\"\n      \n      \n          >\n  \n\n\t\t\t\t\t\n\t\t\t\t\t\t<\/div>\n\t<\/div>\n\n\t<\/figure>\n\n\n<\/div>    <\/article>\n    <article class=\"ee-post\">\n        <div class=\"bde-image-277-100-270 bde-image bde-image-277-100\">\n\n  \n\n\n\n\n\n<figure class=\"breakdance-image breakdance-image--394\">\n\t<div class=\"breakdance-image-container\">\n\t\t<div class=\"breakdance-image-clip\">\n\t\t\t\n\t\t\t\t\n\t\t\t\t\t      \n  \n  \n  \n  \n      \n      <img loading=\"lazy\" decoding=\"async\"\n      class=\"breakdance-image-object\"\n      src=\"https:\/\/saobernardo.pt\/wp-content\/uploads\/2024\/06\/DSC_4991.jpg\"\n      width=\"907\"\n      height=\"605\"\n      \n      \n          >\n  \n\n\t\t\t\t\t\n\t\t\t\t\t\t<\/div>\n\t<\/div>\n\n\t<\/figure>\n\n\n<\/div>    <\/article>\n    <article class=\"ee-post\">\n        <div class=\"bde-image-277-100-268 bde-image bde-image-277-100\">\n\n  \n\n\n\n\n\n<figure class=\"breakdance-image breakdance-image--39\">\n\t<div class=\"breakdance-image-container\">\n\t\t<div class=\"breakdance-image-clip\">\n\t\t\t\n\t\t\t\t\n\t\t\t\t\t      \n  \n  \n  \n  \n      \n      <img loading=\"lazy\" decoding=\"async\"\n      class=\"breakdance-image-object\"\n      src=\"https:\/\/saobernardo.pt\/wp-content\/uploads\/2024\/03\/homepage-comida.jpg\"\n      width=\"845\"\n      height=\"553\"\n      \n      \n          >\n  \n\n\t\t\t\t\t\n\t\t\t\t\t\t<\/div>\n\t<\/div>\n\n\t<\/figure>\n\n\n<\/div>    <\/article>\n<\/div>\n\n<\/div><\/div>\n<\/section><section class=\"bde-section-66-101 bde-section\">\n  \n\t\n\n\n\n<div class=\"section-container\"><div class=\"bde-columns-66-102 bde-columns\"><div class=\"bde-column-66-103 bde-column\">\n  \n\t\n\n\n\n<div class=\"bde-post-loop-66-222 bde-post-loop\">\n<div class=\"ee-posts ee-posts-\">    <article class=\"ee-post\">\n        <div class=\"bde-rich-text-273-100-343 bde-rich-text bde-rich-text-273-100 breakdance-rich-text-styles\">\n\n<h1 class=\"wp-block-heading\">Contactos<\/h1>\n\n\n\n<p><strong>Morada<\/strong>: Rua da Junqueira, 120 1300-344 Lisboa<br><strong>Telefone<\/strong>: 21 360 05 70<br><strong>Telem\u00f3vel<\/strong>: 96 570 65 50<br><strong>E-Mail<\/strong>: info@saobernardo.pt<\/p>\n\n\n\n<div style=\"height:1rem\" aria-hidden=\"true\" class=\"wp-block-spacer\"><\/div>\n\n\n\n<p><strong>Hor\u00e1rio da Loja<\/strong><br>2\u00aa a 6\u00aa Feira das 09:30h \u2013 19:00h<\/p>\n\n\n\n<p>S\u00e1bado das 10:00h \u2013 14:00h                                                                                                                     <\/p>\n\n\n\n<p>Feriados das 10:00h \u2013 14:00h<\/p>\n\n\n\n<p><\/p>\n\n\n\n<p><\/p>\n\n\n\n<p><strong>Hor\u00e1rio da Restaurante<\/strong><br>2\u00aa a 6\u00aa feiras das 12:30h \u2013 15:00<\/p>\n\n\n\n<p><\/p>\n\n\n\n<p><\/p>\n\n<\/div>    <\/article>\n    <article class=\"ee-post\">\n        <div class=\"bde-rich-text-273-100-333 bde-rich-text bde-rich-text-273-100 breakdance-rich-text-styles\">\n\n<h2 class=\"wp-block-heading\">Delivery<\/h2>\n\n\n\n<p>Fazemos entregas ao domic\u00edlio na \u00e1rea da Grande Lisboa.<br>Contacte-nos!<\/p>\n\n<\/div>    <\/article>\n    <article class=\"ee-post\">\n        <div class=\"bde-rich-text-273-100-330 bde-rich-text bde-rich-text-273-100 breakdance-rich-text-styles\">\n\n<\/div>    <\/article>\n    <article class=\"ee-post\">\n        <div class=\"bde-rich-text-273-100-327 bde-rich-text bde-rich-text-273-100 breakdance-rich-text-styles\">\n\n<h1 class=\"wp-block-heading\">Eventos por Medida<\/h1>\n\n\n\n<p>Confeccionamos os melhores produtos e fornecemos todos os recursos, humanos e materiais necess\u00e1rios para que possa fazer em sua casa o evento desejado (festas de anivers\u00e1rio, baptizados, bodas), bem como eventos no seu local de trabalho<\/p>\n\n<\/div>    <\/article>\n    <article class=\"ee-post\">\n        <div class=\"bde-rich-text-273-100-325 bde-rich-text bde-rich-text-273-100 breakdance-rich-text-styles\">\n\n<h2 class=\"wp-block-heading\">Almo\u00e7os profissionais<\/h2>\n\n\n\n<p>Reserve o nosso restaurante com 58 lugares sentados para desfrutar simultaneamente de uma agrad\u00e1vel refei\u00e7\u00e3o e de um simp\u00e1tico espa\u00e7o de trabalho, para reuni\u00f5es ou apresenta\u00e7\u00f5es.<\/p>\n\n<\/div>    <\/article>\n    <article class=\"ee-post\">\n        <div class=\"bde-rich-text-273-100-316 bde-rich-text bde-rich-text-273-100 breakdance-rich-text-styles\">\n\n<\/div>    <\/article>\n    <article class=\"ee-post\">\n        <div class=\"bde-rich-text-273-100-270 bde-rich-text bde-rich-text-273-100 breakdance-rich-text-styles\">\n\n<p>Um espa\u00e7o acolhedor, com vista para o Tejo e comida caseira de qualidade e requinte.<\/p>\n\n<\/div>    <\/article>\n    <article class=\"ee-post\">\n        <div class=\"bde-rich-text-273-100-268 bde-rich-text bde-rich-text-273-100 breakdance-rich-text-styles\">\n\n<h2 class=\"wp-block-heading\">Receitas <strong>Caseiras &amp; Tradicionais<\/strong><\/h2>\n\n\n\n<p>Desde 1995 que temos como objectivo confeccionar e comercializar todo o tipo de refei\u00e7\u00f5es que os nossos clientes necessitam para levar para casa.<\/p>\n\n\n\n<p>Utilizamos produtos frescos, com a melhor qualidade e praticamos pre\u00e7os acess\u00edveis. Os nossos produtos s\u00e3o sempre embalados para facilitar o transporte e as nossas receitas s\u00e3o caseiras.<\/p>\n\n<\/div>    <\/article>\n<\/div>\n\n<\/div>\n<\/div><div class=\"bde-column-66-104 bde-column\">\n  \n\t\n\n\n\n<div class=\"bde-post-loop-66-221 bde-post-loop\">\n<div class=\"ee-posts ee-posts-\">    <article class=\"ee-post\">\n        <div class=\"bde-rich-text-211-100-343 bde-rich-text bde-rich-text-211-100 breakdance-rich-text-styles\">\n\n<h1 class=\"wp-block-heading\">Contactos<\/h1>\n\n\n\n<p><strong>Morada<\/strong>: Rua da Junqueira, 120 1300-344 Lisboa<br><strong>Telefone<\/strong>: 21 360 05 70<br><strong>Telem\u00f3vel<\/strong>: 96 570 65 50<br><strong>E-Mail<\/strong>: info@saobernardo.pt<\/p>\n\n\n\n<div style=\"height:1rem\" aria-hidden=\"true\" class=\"wp-block-spacer\"><\/div>\n\n\n\n<p><strong>Hor\u00e1rio da Loja<\/strong><br>2\u00aa a 6\u00aa Feira das 09:30h \u2013 19:00h<\/p>\n\n\n\n<p>S\u00e1bado das 10:00h \u2013 14:00h                                                                                                                     <\/p>\n\n\n\n<p>Feriados das 10:00h \u2013 14:00h<\/p>\n\n\n\n<p><\/p>\n\n\n\n<p><\/p>\n\n\n\n<p><strong>Hor\u00e1rio da Restaurante<\/strong><br>2\u00aa a 6\u00aa feiras das 12:30h \u2013 15:00<\/p>\n\n\n\n<p><\/p>\n\n\n\n<p><\/p>\n\n<\/div>    <\/article>\n    <article class=\"ee-post\">\n        <div class=\"bde-rich-text-211-100-333 bde-rich-text bde-rich-text-211-100 breakdance-rich-text-styles\">\n\n<h2 class=\"wp-block-heading\">Delivery<\/h2>\n\n\n\n<p>Fazemos entregas ao domic\u00edlio na \u00e1rea da Grande Lisboa.<br>Contacte-nos!<\/p>\n\n<\/div>    <\/article>\n    <article class=\"ee-post\">\n        <div class=\"bde-rich-text-211-100-330 bde-rich-text bde-rich-text-211-100 breakdance-rich-text-styles\">\n\n<\/div>    <\/article>\n    <article class=\"ee-post\">\n        <div class=\"bde-rich-text-211-100-327 bde-rich-text bde-rich-text-211-100 breakdance-rich-text-styles\">\n\n<h1 class=\"wp-block-heading\">Eventos por Medida<\/h1>\n\n\n\n<p>Confeccionamos os melhores produtos e fornecemos todos os recursos, humanos e materiais necess\u00e1rios para que possa fazer em sua casa o evento desejado (festas de anivers\u00e1rio, baptizados, bodas), bem como eventos no seu local de trabalho<\/p>\n\n<\/div>    <\/article>\n    <article class=\"ee-post\">\n        <div class=\"bde-rich-text-211-100-325 bde-rich-text bde-rich-text-211-100 breakdance-rich-text-styles\">\n\n<h2 class=\"wp-block-heading\">Almo\u00e7os profissionais<\/h2>\n\n\n\n<p>Reserve o nosso restaurante com 58 lugares sentados para desfrutar simultaneamente de uma agrad\u00e1vel refei\u00e7\u00e3o e de um simp\u00e1tico espa\u00e7o de trabalho, para reuni\u00f5es ou apresenta\u00e7\u00f5es.<\/p>\n\n<\/div>    <\/article>\n    <article class=\"ee-post\">\n        <div class=\"bde-rich-text-211-100-316 bde-rich-text bde-rich-text-211-100 breakdance-rich-text-styles\">\n\n<\/div>    <\/article>\n    <article class=\"ee-post\">\n        <div class=\"bde-rich-text-211-100-270 bde-rich-text bde-rich-text-211-100 breakdance-rich-text-styles\">\n\n<p>Um espa\u00e7o acolhedor, com vista para o Tejo e comida caseira de qualidade e requinte.<\/p>\n\n<\/div>    <\/article>\n    <article class=\"ee-post\">\n        <div class=\"bde-rich-text-211-100-268 bde-rich-text bde-rich-text-211-100 breakdance-rich-text-styles\">\n\n<h2 class=\"wp-block-heading\">Receitas <strong>Caseiras &amp; Tradicionais<\/strong><\/h2>\n\n\n\n<p>Desde 1995 que temos como objectivo confeccionar e comercializar todo o tipo de refei\u00e7\u00f5es que os nossos clientes necessitam para levar para casa.<\/p>\n\n\n\n<p>Utilizamos produtos frescos, com a melhor qualidade e praticamos pre\u00e7os acess\u00edveis. Os nossos produtos s\u00e3o sempre embalados para facilitar o transporte e as nossas receitas s\u00e3o caseiras.<\/p>\n\n<\/div>    <\/article>\n<\/div>\n\n<\/div><div class=\"bde-columns-66-107 bde-columns\"><div class=\"bde-column-66-108 bde-column\">\n  \n\t\n\n\n\n<div class=\"bde-fancy-divider-66-109 bde-fancy-divider\">\n\n\n<div class=\"bde-fancy-divider__wrapper\">\n  <div class=\"bde-fancy-divider__separator   \">\n  \t  <\/div>\n<\/div>\n\n<\/div>\n<\/div><div class=\"bde-column-66-110 bde-column\">\n  \n\t\n\n\n\n<div class=\"bde-columns-66-199 bde-columns\"><div class=\"bde-column-66-200 bde-column\">\n  \n\t\n\n\n\n<div class=\"bde-text-66-201 bde-text\">\nLisboa\n<\/div>\n<\/div><div class=\"bde-column-66-203 bde-column\">\n  \n\t\n\n\n\n<div class=\"bde-text-66-204 bde-text\">\n\u20ac 18,50\n<\/div>\n<\/div><\/div>\n<\/div><div class=\"bde-column-66-117 bde-column\">\n  \n\t\n\n\n\n<div class=\"bde-fancy-divider-66-118 bde-fancy-divider\">\n\n\n<div class=\"bde-fancy-divider__wrapper\">\n  <div class=\"bde-fancy-divider__separator   \">\n  \t  <\/div>\n<\/div>\n\n<\/div>\n<\/div><div class=\"bde-column-66-119 bde-column\">\n  \n\t\n\n\n\n<div class=\"bde-columns-66-193 bde-columns\"><div class=\"bde-column-66-194 bde-column\">\n  \n\t\n\n\n\n<div class=\"bde-text-66-195 bde-text\">\nAlg\u00e9s, Miraflores, Alfragide, Carnaxide, Linda-a-Velha\n<\/div>\n<\/div><div class=\"bde-column-66-197 bde-column\">\n  \n\t\n\n\n\n<div class=\"bde-text-66-198 bde-text\">\n\u20ac 31,00\n<\/div>\n<\/div><\/div>\n<\/div><div class=\"bde-column-66-126 bde-column\">\n  \n\t\n\n\n\n<div class=\"bde-fancy-divider-66-127 bde-fancy-divider\">\n\n\n<div class=\"bde-fancy-divider__wrapper\">\n  <div class=\"bde-fancy-divider__separator   \">\n  \t  <\/div>\n<\/div>\n\n<\/div>\n<\/div><div class=\"bde-column-66-128 bde-column\">\n  \n\t\n\n\n\n<div class=\"bde-columns-66-129 bde-columns\"><div class=\"bde-column-66-130 bde-column\">\n  \n\t\n\n\n\n<div class=\"bde-text-66-192 bde-text\">\nCaxias, Pa\u00e7o d\u2019Arcos, Oeiras, Cac\u00e9m, Mem Martins, Loures\n<\/div>\n<\/div><div class=\"bde-column-66-133 bde-column\">\n  \n\t\n\n\n\n<div class=\"bde-text-66-134 bde-text\">\n\u20ac 37,00\n<\/div>\n<\/div><\/div>\n<\/div><div class=\"bde-column-66-135 bde-column\">\n  \n\t\n\n\n\n<div class=\"bde-fancy-divider-66-136 bde-fancy-divider\">\n\n\n<div class=\"bde-fancy-divider__wrapper\">\n  <div class=\"bde-fancy-divider__separator   \">\n  \t  <\/div>\n<\/div>\n\n<\/div>\n<\/div><div class=\"bde-column-66-207 bde-column\">\n  \n\t\n\n\n\n<div class=\"bde-columns-66-208 bde-columns\"><div class=\"bde-column-66-209 bde-column\">\n  \n\t\n\n\n\n<div class=\"bde-text-66-210 bde-text\">\nParede, Estoril, Cascais, Sintra, Aroeira\n<\/div>\n<\/div><div class=\"bde-column-66-211 bde-column\">\n  \n\t\n\n\n\n<div class=\"bde-text-66-212 bde-text\">\n\u20ac 43,00\n<\/div>\n<\/div><\/div>\n<\/div><div class=\"bde-column-66-205 bde-column\">\n  \n\t\n\n\n\n<div class=\"bde-fancy-divider-66-206 bde-fancy-divider\">\n\n\n<div class=\"bde-fancy-divider__wrapper\">\n  <div class=\"bde-fancy-divider__separator   \">\n  \t  <\/div>\n<\/div>\n\n<\/div>\n<\/div><div class=\"bde-column-66-213 bde-column\">\n  \n\t\n\n\n\n<div class=\"bde-columns-66-214 bde-columns\"><div class=\"bde-column-66-215 bde-column\">\n  \n\t\n\n\n\n<div class=\"bde-text-66-216 bde-text\">\nAzeit\u00e3o\n<\/div>\n<\/div><div class=\"bde-column-66-217 bde-column\">\n  \n\t\n\n\n\n<div class=\"bde-text-66-218 bde-text\">\n\u20ac 49,50\n<\/div>\n<\/div><\/div>\n<\/div><div class=\"bde-column-66-219 bde-column\">\n  \n\t\n\n\n\n<div class=\"bde-fancy-divider-66-220 bde-fancy-divider\">\n\n\n<div class=\"bde-fancy-divider__wrapper\">\n  <div class=\"bde-fancy-divider__separator   \">\n  \t  <\/div>\n<\/div>\n\n<\/div>\n<\/div><\/div>\n<\/div><\/div><\/div>\n<\/section>","protected":false},"excerpt":{"rendered":"<p>Contactos Morada: Rua da Junqueira, 120 1300-344 LisboaTelefone: 21 360 05 70Telem\u00f3vel: 96 570 65 50E-Mail: info@saobernardo.pt Hor\u00e1rio da Loja2\u00aa a 6\u00aa Feira das 09:30h \u2013 19:00h S\u00e1bado das 10:00h \u2013 14:00h Feriados das 10:00h \u2013 14:00h Hor\u00e1rio da Restaurante2\u00aa a 6\u00aa feiras das 12:30h \u2013 15:00 Delivery Fazemos entregas ao domic\u00edlio na \u00e1rea da [&hellip;]<\/p>\n","protected":false},"author":1,"featured_media":0,"parent":0,"menu_order":0,"comment_status":"closed","ping_status":"closed","template":"","meta":{"_breakdance_hide_in_design_set":false,"_breakdance_tags":"","footnotes":""},"class_list":["post-66","page","type-page","status-publish","hentry"],"_links":{"self":[{"href":"https:\/\/saobernardo.pt\/home-page\/wp-json\/wp\/v2\/pages\/66","targetHints":{"allow":["GET"]}}],"collection":[{"href":"https:\/\/saobernardo.pt\/home-page\/wp-json\/wp\/v2\/pages"}],"about":[{"href":"https:\/\/saobernardo.pt\/home-page\/wp-json\/wp\/v2\/types\/page"}],"author":[{"embeddable":true,"href":"https:\/\/saobernardo.pt\/home-page\/wp-json\/wp\/v2\/users\/1"}],"replies":[{"embeddable":true,"href":"https:\/\/saobernardo.pt\/home-page\/wp-json\/wp\/v2\/comments?post=66"}],"version-history":[{"count":6,"href":"https:\/\/saobernardo.pt\/home-page\/wp-json\/wp\/v2\/pages\/66\/revisions"}],"predecessor-version":[{"id":6947,"href":"https:\/\/saobernardo.pt\/home-page\/wp-json\/wp\/v2\/pages\/66\/revisions\/6947"}],"wp:attachment":[{"href":"https:\/\/saobernardo.pt\/home-page\/wp-json\/wp\/v2\/media?parent=66"}],"curies":[{"name":"wp","href":"https:\/\/api.w.org\/{rel}","templated":true}]}}